{"id":8937,"date":"2023-06-27T17:23:41","date_gmt":"2023-06-27T17:23:41","guid":{"rendered":"https:\/\/oeirasdopara.pa.gov.br\/novo\/?page_id=8937"},"modified":"2023-06-27T17:23:41","modified_gmt":"2023-06-27T17:23:41","slug":"home","status":"publish","type":"page","link":"https:\/\/oeirasdopara.pa.gov.br\/novo\/home\/","title":{"rendered":"Home"},"content":{"rendered":"\t\t<div data-elementor-type=\"page\" data-elementor-id=\"8759\" class=\"elementor elementor-8759\" data-elementor-settings=\"{&quot;ha_cmc_init_switcher&quot;:&quot;no&quot;}\" data-elementor-post-type=\"elementor_library\">\n\t\t\t\t<div data-particle_enable=\"false\" data-particle-mobile-disabled=\"false\" class=\"elementor-element elementor-element-cbe0749 e-con-full e-flex e-con e-parent\" data-id=\"cbe0749\" data-element_type=\"container\" data-e-type=\"container\" data-settings=\"{&quot;_ha_eqh_enable&quot;:false}\">\n\t\t\t\t<div data-ha-element-link=\"{&quot;url&quot;:&quot;https:\\\/\\\/forms.gle\\\/qUZKLobatAsZ2k3XA&quot;,&quot;is_external&quot;:&quot;on&quot;,&quot;nofollow&quot;:&quot;&quot;}\" style=\"cursor: pointer\" class=\"elementor-element elementor-element-6b0ae6e elementor--h-position-center elementor--v-position-middle elementor-arrows-position-inside elementor-pagination-position-inside elementor-widget elementor-widget-slides\" data-id=\"6b0ae6e\" data-element_type=\"widget\" data-e-type=\"widget\" data-settings=\"{&quot;navigation&quot;:&quot;both&quot;,&quot;autoplay&quot;:&quot;yes&quot;,&quot;pause_on_hover&quot;:&quot;yes&quot;,&quot;pause_on_interaction&quot;:&quot;yes&quot;,&quot;autoplay_speed&quot;:5000,&quot;infinite&quot;:&quot;yes&quot;,&quot;transition&quot;:&quot;slide&quot;,&quot;transition_speed&quot;:500}\" data-widget_type=\"slides.default\">\n\t\t\t\t\t\t\t\t\t\t<div class=\"elementor-slides-wrapper elementor-main-swiper swiper\" role=\"region\" aria-roledescription=\"carousel\" aria-label=\"Slides\" dir=\"ltr\" data-animation=\"fadeInUp\">\n\t\t\t\t<div class=\"swiper-wrapper elementor-slides\">\n\t\t\t\t\t\t\t\t\t\t<div class=\"elementor-repeater-item-3c90e2a swiper-slide\" role=\"group\" aria-roledescription=\"slide\"><div class=\"swiper-slide-bg\" role=\"img\" aria-label=\"banner-escola-constantino\"><\/div><a class=\"swiper-slide-inner\" href=\"https:\/\/forms.gle\/qUZLobatAsZ2k3XA\" target=\"_blank\"><div class=\"swiper-slide-contents\"><\/div><\/a><\/div><div class=\"elementor-repeater-item-a1d1109 swiper-slide\" role=\"group\" aria-roledescription=\"slide\"><div class=\"swiper-slide-bg\" role=\"img\" aria-label=\"banner-escola-cota2\"><\/div><a class=\"swiper-slide-inner\" href=\"https:\/\/forms.gle\/qUZLobatAsZ2k3XA\" target=\"_blank\"><div class=\"swiper-slide-contents\"><\/div><\/a><\/div>\t\t\t\t<\/div>\n\t\t\t\t\t\t\t\t\t\t\t\t\t\t\t<div class=\"elementor-swiper-button elementor-swiper-button-prev\" role=\"button\" tabindex=\"0\" aria-label=\"Slide anterior\">\n\t\t\t\t\t\t\t<svg aria-hidden=\"true\" class=\"e-font-icon-svg e-eicon-chevron-left\" viewBox=\"0 0 1000 1000\" xmlns=\"http:\/\/www.w3.org\/2000\/svg\"><path d=\"M646 125C629 125 613 133 604 142L308 442C296 454 292 471 292 487 292 504 296 521 308 533L604 854C617 867 629 875 646 875 663 875 679 871 692 858 704 846 713 829 713 812 713 796 708 779 692 767L438 487 692 225C700 217 708 204 708 187 708 171 704 154 692 142 675 129 663 125 646 125Z\"><\/path><\/svg>\t\t\t\t\t\t<\/div>\n\t\t\t\t\t\t<div class=\"elementor-swiper-button elementor-swiper-button-next\" role=\"button\" tabindex=\"0\" aria-label=\"Pr\u00f3ximo slide\">\n\t\t\t\t\t\t\t<svg aria-hidden=\"true\" class=\"e-font-icon-svg e-eicon-chevron-right\" viewBox=\"0 0 1000 1000\" xmlns=\"http:\/\/www.w3.org\/2000\/svg\"><path d=\"M696 533C708 521 713 504 713 487 713 471 708 454 696 446L400 146C388 133 375 125 354 125 338 125 325 129 313 142 300 154 292 171 292 187 292 204 296 221 308 233L563 492 304 771C292 783 288 800 288 817 288 833 296 850 308 863 321 871 338 875 354 875 371 875 388 867 400 854L696 533Z\"><\/path><\/svg>\t\t\t\t\t\t<\/div>\n\t\t\t\t\t\t\t\t\t\t\t\t\t\t\t\t<div class=\"swiper-pagination\"><\/div>\n\t\t\t\t\t\t\t\t\t\t\t\t<\/div>\n\t\t\t\t\t\t\t\t<\/div>\n\t\t\t\t<div class=\"elementor-element elementor-element-042d670 elementor-widget elementor-widget-heading\" data-id=\"042d670\" data-element_type=\"widget\" data-e-type=\"widget\" data-widget_type=\"heading.default\">\n\t\t\t\t\t<h1 class=\"elementor-heading-title elementor-size-default\">Not\u00edcias<\/h1>\t\t\t\t<\/div>\n\t\t\t\t<\/div>\n\t\t<div data-particle_enable=\"false\" data-particle-mobile-disabled=\"false\" class=\"elementor-element elementor-element-2cbeec6 e-flex e-con-boxed e-con e-parent\" data-id=\"2cbeec6\" data-element_type=\"container\" data-e-type=\"container\" data-settings=\"{&quot;_ha_eqh_enable&quot;:false}\">\n\t\t\t\t\t<div class=\"e-con-inner\">\n\t\t\t\t<div class=\"elementor-element elementor-element-23bfee6 elementor-grid-4 elementor-grid-tablet-2 elementor-grid-mobile-1 elementor-posts--thumbnail-top elementor-card-shadow-yes elementor-posts__hover-gradient elementor-widget elementor-widget-posts\" data-id=\"23bfee6\" data-element_type=\"widget\" data-e-type=\"widget\" data-settings=\"{&quot;cards_columns&quot;:&quot;4&quot;,&quot;cards_row_gap&quot;:{&quot;unit&quot;:&quot;px&quot;,&quot;size&quot;:15,&quot;sizes&quot;:[]},&quot;cards_columns_tablet&quot;:&quot;2&quot;,&quot;cards_columns_mobile&quot;:&quot;1&quot;,&quot;cards_row_gap_tablet&quot;:{&quot;unit&quot;:&quot;px&quot;,&quot;size&quot;:&quot;&quot;,&quot;sizes&quot;:[]},&quot;cards_row_gap_mobile&quot;:{&quot;unit&quot;:&quot;px&quot;,&quot;size&quot;:&quot;&quot;,&quot;sizes&quot;:[]}}\" data-widget_type=\"posts.cards\">\n\t\t\t\t<div class=\"elementor-widget-container\">\n\t\t\t\t\t\t\t<div class=\"elementor-posts-container elementor-posts elementor-posts--skin-cards elementor-grid\" role=\"list\">\n\t\t\t\t<article class=\"elementor-post elementor-grid-item post-13635 post type-post status-publish format-standard hentry category-noticias category-transparencia\" role=\"listitem\">\n\t\t\t<div class=\"elementor-post__card\">\n\t\t\t\t<div class=\"elementor-post__text\">\n\t\t\t\t<h2 class=\"elementor-post__title\">\n\t\t\t<a href=\"https:\/\/oeirasdopara.pa.gov.br\/novo\/decisao-judicial\/\" >\n\t\t\t\tDECIS\u00c3O JUDICIAL\t\t\t<\/a>\n\t\t<\/h2>\n\t\t\n\t\t<a class=\"elementor-post__read-more\" href=\"https:\/\/oeirasdopara.pa.gov.br\/novo\/decisao-judicial\/\" aria-label=\"Leia mais sobre DECIS\u00c3O JUDICIAL\" tabindex=\"-1\" >\n\t\t\tLeia mais \u00bb\t\t<\/a>\n\n\t\t\t\t<\/div>\n\t\t\t\t<div class=\"elementor-post__meta-data\">\n\t\t\t\t\t<span class=\"elementor-post-date\">\n\t\t\t8 de abril de 2026\t\t<\/span>\n\t\t\t\t<\/div>\n\t\t\t\t\t<\/div>\n\t\t<\/article>\n\t\t\t\t<article class=\"elementor-post elementor-grid-item post-13500 post type-post status-publish format-standard hentry category-noticias\" role=\"listitem\">\n\t\t\t<div class=\"elementor-post__card\">\n\t\t\t\t<div class=\"elementor-post__text\">\n\t\t\t\t<h2 class=\"elementor-post__title\">\n\t\t\t<a href=\"https:\/\/oeirasdopara.pa.gov.br\/novo\/foi-destinada-a-oeiras-do-para-uma-emenda-individual-no-valor-de-r-1-000-00000-de-autoria-do-senador-jaderbarbalho-voltada-ao-incremento-do-custeio-da-saude-por-meio-do-ministerio-da-saude\/\" >\n\t\t\t\tFoi destinada a Oeiras do Par\u00e1 uma emenda individual no valor de R$ 1.000.000,00, de autoria do senador @jaderbarbalho , voltada ao incremento do custeio da sa\u00fade, por meio do Minist\u00e9rio da Sa\u00fade.\t\t\t<\/a>\n\t\t<\/h2>\n\t\t\n\t\t<a class=\"elementor-post__read-more\" href=\"https:\/\/oeirasdopara.pa.gov.br\/novo\/foi-destinada-a-oeiras-do-para-uma-emenda-individual-no-valor-de-r-1-000-00000-de-autoria-do-senador-jaderbarbalho-voltada-ao-incremento-do-custeio-da-saude-por-meio-do-ministerio-da-saude\/\" aria-label=\"Leia mais sobre Foi destinada a Oeiras do Par\u00e1 uma emenda individual no valor de R$ 1.000.000,00, de autoria do senador @jaderbarbalho , voltada ao incremento do custeio da sa\u00fade, por meio do Minist\u00e9rio da Sa\u00fade.\" tabindex=\"-1\" >\n\t\t\tLeia mais \u00bb\t\t<\/a>\n\n\t\t\t\t<\/div>\n\t\t\t\t<div class=\"elementor-post__meta-data\">\n\t\t\t\t\t<span class=\"elementor-post-date\">\n\t\t\t10 de mar\u00e7o de 2026\t\t<\/span>\n\t\t\t\t<\/div>\n\t\t\t\t\t<\/div>\n\t\t<\/article>\n\t\t\t\t<article class=\"elementor-post elementor-grid-item post-13165 post type-post status-publish format-standard hentry category-incentivos-culturais-e-esportivos category-noticias category-secretaria-de-cultura\" role=\"listitem\">\n\t\t\t<div class=\"elementor-post__card\">\n\t\t\t\t<div class=\"elementor-post__text\">\n\t\t\t\t<h2 class=\"elementor-post__title\">\n\t\t\t<a href=\"https:\/\/oeirasdopara.pa.gov.br\/novo\/o-concurso-miss-e-mister-festcam-2025\/\" >\n\t\t\t\tO Concurso Miss e Mister FESTCAM \u2013 2025\t\t\t<\/a>\n\t\t<\/h2>\n\t\t\n\t\t<a class=\"elementor-post__read-more\" href=\"https:\/\/oeirasdopara.pa.gov.br\/novo\/o-concurso-miss-e-mister-festcam-2025\/\" aria-label=\"Leia mais sobre O Concurso Miss e Mister FESTCAM \u2013 2025\" tabindex=\"-1\" >\n\t\t\tLeia mais \u00bb\t\t<\/a>\n\n\t\t\t\t<\/div>\n\t\t\t\t<div class=\"elementor-post__meta-data\">\n\t\t\t\t\t<span class=\"elementor-post-date\">\n\t\t\t21 de outubro de 2025\t\t<\/span>\n\t\t\t\t<\/div>\n\t\t\t\t\t<\/div>\n\t\t<\/article>\n\t\t\t\t<article class=\"elementor-post elementor-grid-item post-12861 post type-post status-publish format-standard hentry category-noticias\" role=\"listitem\">\n\t\t\t<div class=\"elementor-post__card\">\n\t\t\t\t<div class=\"elementor-post__text\">\n\t\t\t\t<h2 class=\"elementor-post__title\">\n\t\t\t<a href=\"https:\/\/oeirasdopara.pa.gov.br\/novo\/oeiras-participe-da-construcao-do-ppa-2026-2029\/\" >\n\t\t\t\tOeiras! Participe da Constru\u00e7\u00e3o do PPA 2026\/2029.\t\t\t<\/a>\n\t\t<\/h2>\n\t\t\n\t\t<a class=\"elementor-post__read-more\" href=\"https:\/\/oeirasdopara.pa.gov.br\/novo\/oeiras-participe-da-construcao-do-ppa-2026-2029\/\" aria-label=\"Leia mais sobre Oeiras! Participe da Constru\u00e7\u00e3o do PPA 2026\/2029.\" tabindex=\"-1\" >\n\t\t\tLeia mais \u00bb\t\t<\/a>\n\n\t\t\t\t<\/div>\n\t\t\t\t<div class=\"elementor-post__meta-data\">\n\t\t\t\t\t<span class=\"elementor-post-date\">\n\t\t\t18 de agosto de 2025\t\t<\/span>\n\t\t\t\t<\/div>\n\t\t\t\t\t<\/div>\n\t\t<\/article>\n\t\t\t\t<\/div>\n\t\t\n\t\t\t\t\t\t<\/div>\n\t\t\t\t<\/div>\n\t\t\t\t<div class=\"elementor-element elementor-element-f1c88cc elementor-widget elementor-widget-heading\" data-id=\"f1c88cc\" data-element_type=\"widget\" data-e-type=\"widget\" data-widget_type=\"heading.default\">\n\t\t\t\t\t<h1 class=\"elementor-heading-title elementor-size-default\">Destaque<\/h1>\t\t\t\t<\/div>\n\t\t\t\t\t<\/div>\n\t\t\t\t<\/div>\n\t\t<div data-particle_enable=\"false\" data-particle-mobile-disabled=\"false\" class=\"elementor-element elementor-element-97553e5 e-flex e-con-boxed e-con e-parent\" data-id=\"97553e5\" data-element_type=\"container\" data-e-type=\"container\" data-settings=\"{&quot;_ha_eqh_enable&quot;:false}\">\n\t\t\t\t\t<div class=\"e-con-inner\">\n\t\t<div data-particle_enable=\"false\" data-particle-mobile-disabled=\"false\" class=\"elementor-element elementor-element-23b7703 e-con-full e-flex e-con e-child\" data-id=\"23b7703\" data-element_type=\"container\" data-e-type=\"container\" data-settings=\"{&quot;_ha_eqh_enable&quot;:false}\">\n\t\t\t\t<div class=\"elementor-element elementor-element-5c8e85e elementor-widget elementor-widget-image\" data-id=\"5c8e85e\" data-element_type=\"widget\" data-e-type=\"widget\" data-widget_type=\"image.default\">\n\t\t\t\t\t\t\t\t\t\t\t\t\t\t\t\t<a href=\"https:\/\/oeirasdopara.pa.gov.br\/novo\/folha-de-pagamento\/\">\n\t\t\t\t\t\t\t<img fetchpriority=\"high\" decoding=\"async\" width=\"400\" height=\"156\" src=\"https:\/\/oeirasdopara.pa.gov.br\/novo\/wp-content\/uploads\/2023\/06\/folha.jpg\" class=\"attachment-large size-large wp-image-8826\" alt=\"\" \/>\t\t\t\t\t\t\t\t<\/a>\n\t\t\t\t\t\t\t\t\t\t\t\t\t\t\t<\/div>\n\t\t\t\t<\/div>\n\t\t<div data-particle_enable=\"false\" data-particle-mobile-disabled=\"false\" class=\"elementor-element elementor-element-19127d8 e-con-full e-flex e-con e-child\" data-id=\"19127d8\" data-element_type=\"container\" data-e-type=\"container\" data-settings=\"{&quot;_ha_eqh_enable&quot;:false}\">\n\t\t\t\t<div class=\"elementor-element elementor-element-1f144b7 elementor-widget elementor-widget-image\" data-id=\"1f144b7\" data-element_type=\"widget\" data-e-type=\"widget\" data-widget_type=\"image.default\">\n\t\t\t\t\t\t\t\t\t\t\t\t\t\t\t\t<a href=\"https:\/\/oeirasdopara.pa.gov.br\/novo\/contra-cheque\/\">\n\t\t\t\t\t\t\t<img decoding=\"async\" width=\"800\" height=\"316\" src=\"https:\/\/oeirasdopara.pa.gov.br\/novo\/wp-content\/uploads\/2023\/06\/CONTRA-CHEQUE-SITE-1024x404.jpg\" class=\"attachment-large size-large wp-image-8830\" alt=\"\" srcset=\"https:\/\/oeirasdopara.pa.gov.br\/novo\/wp-content\/uploads\/2023\/06\/CONTRA-CHEQUE-SITE-1024x404.jpg 1024w, https:\/\/oeirasdopara.pa.gov.br\/novo\/wp-content\/uploads\/2023\/06\/CONTRA-CHEQUE-SITE-600x237.jpg 600w, https:\/\/oeirasdopara.pa.gov.br\/novo\/wp-content\/uploads\/2023\/06\/CONTRA-CHEQUE-SITE-768x303.jpg 768w, https:\/\/oeirasdopara.pa.gov.br\/novo\/wp-content\/uploads\/2023\/06\/CONTRA-CHEQUE-SITE-1536x606.jpg 1536w, https:\/\/oeirasdopara.pa.gov.br\/novo\/wp-content\/uploads\/2023\/06\/CONTRA-CHEQUE-SITE.jpg 2048w\" sizes=\"(max-width: 800px) 100vw, 800px\" \/>\t\t\t\t\t\t\t\t<\/a>\n\t\t\t\t\t\t\t\t\t\t\t\t\t\t\t<\/div>\n\t\t\t\t<\/div>\n\t\t<div data-particle_enable=\"false\" data-particle-mobile-disabled=\"false\" class=\"elementor-element elementor-element-9c9cc89 e-con-full e-flex e-con e-child\" data-id=\"9c9cc89\" data-element_type=\"container\" data-e-type=\"container\" data-settings=\"{&quot;_ha_eqh_enable&quot;:false}\">\n\t\t\t\t<div class=\"elementor-element elementor-element-7915070 elementor-widget elementor-widget-image\" data-id=\"7915070\" data-element_type=\"widget\" data-e-type=\"widget\" data-widget_type=\"image.default\">\n\t\t\t\t\t\t\t\t\t\t\t\t\t\t\t\t<a href=\"http:\/\/www.governotransparente.com.br\/transparencia\/4494488\/consultarlicitacao?datainfo=DNgKYa4ITUGsz1vqX\/li0UbuCOgjdEdeT8etwENYYCI=\" target=\"_blank\">\n\t\t\t\t\t\t\t<img decoding=\"async\" width=\"800\" height=\"316\" src=\"https:\/\/oeirasdopara.pa.gov.br\/novo\/wp-content\/uploads\/2023\/06\/EDITAL-E-LICITACAO-SITE-1024x404.jpg\" class=\"attachment-large size-large wp-image-8827\" alt=\"\" srcset=\"https:\/\/oeirasdopara.pa.gov.br\/novo\/wp-content\/uploads\/2023\/06\/EDITAL-E-LICITACAO-SITE-1024x404.jpg 1024w, https:\/\/oeirasdopara.pa.gov.br\/novo\/wp-content\/uploads\/2023\/06\/EDITAL-E-LICITACAO-SITE-600x237.jpg 600w, https:\/\/oeirasdopara.pa.gov.br\/novo\/wp-content\/uploads\/2023\/06\/EDITAL-E-LICITACAO-SITE-768x303.jpg 768w, https:\/\/oeirasdopara.pa.gov.br\/novo\/wp-content\/uploads\/2023\/06\/EDITAL-E-LICITACAO-SITE-1536x607.jpg 1536w, https:\/\/oeirasdopara.pa.gov.br\/novo\/wp-content\/uploads\/2023\/06\/EDITAL-E-LICITACAO-SITE-2048x809.jpg 2048w\" sizes=\"(max-width: 800px) 100vw, 800px\" \/>\t\t\t\t\t\t\t\t<\/a>\n\t\t\t\t\t\t\t\t\t\t\t\t\t\t\t<\/div>\n\t\t\t\t<\/div>\n\t\t<div data-particle_enable=\"false\" data-particle-mobile-disabled=\"false\" class=\"elementor-element elementor-element-7b49ca2 e-con-full e-flex e-con e-child\" data-id=\"7b49ca2\" data-element_type=\"container\" data-e-type=\"container\" data-settings=\"{&quot;_ha_eqh_enable&quot;:false}\">\n\t\t\t\t<div class=\"elementor-element elementor-element-bacc2be elementor-widget elementor-widget-image\" data-id=\"bacc2be\" data-element_type=\"widget\" data-e-type=\"widget\" data-widget_type=\"image.default\">\n\t\t\t\t\t\t\t\t\t\t\t\t\t\t\t\t<a href=\"https:\/\/oeirasdopara.pa.gov.br\/novo\/covid-19\/\">\n\t\t\t\t\t\t\t<img loading=\"lazy\" decoding=\"async\" width=\"800\" height=\"316\" src=\"https:\/\/oeirasdopara.pa.gov.br\/novo\/wp-content\/uploads\/2023\/06\/COVID-19-SITE-1024x404.jpg\" class=\"attachment-large size-large wp-image-8829\" alt=\"\" srcset=\"https:\/\/oeirasdopara.pa.gov.br\/novo\/wp-content\/uploads\/2023\/06\/COVID-19-SITE-1024x404.jpg 1024w, https:\/\/oeirasdopara.pa.gov.br\/novo\/wp-content\/uploads\/2023\/06\/COVID-19-SITE-600x237.jpg 600w, https:\/\/oeirasdopara.pa.gov.br\/novo\/wp-content\/uploads\/2023\/06\/COVID-19-SITE-768x303.jpg 768w, https:\/\/oeirasdopara.pa.gov.br\/novo\/wp-content\/uploads\/2023\/06\/COVID-19-SITE-1536x607.jpg 1536w, https:\/\/oeirasdopara.pa.gov.br\/novo\/wp-content\/uploads\/2023\/06\/COVID-19-SITE.jpg 1980w\" sizes=\"(max-width: 800px) 100vw, 800px\" \/>\t\t\t\t\t\t\t\t<\/a>\n\t\t\t\t\t\t\t\t\t\t\t\t\t\t\t<\/div>\n\t\t\t\t<\/div>\n\t\t<div data-particle_enable=\"false\" data-particle-mobile-disabled=\"false\" class=\"elementor-element elementor-element-0bc0573 e-con-full e-flex e-con e-child\" data-id=\"0bc0573\" data-element_type=\"container\" data-e-type=\"container\" data-settings=\"{&quot;_ha_eqh_enable&quot;:false}\">\n\t\t\t\t<div class=\"elementor-element elementor-element-7ff5b30 elementor-widget elementor-widget-image\" data-id=\"7ff5b30\" data-element_type=\"widget\" data-e-type=\"widget\" data-widget_type=\"image.default\">\n\t\t\t\t\t\t\t\t\t\t\t\t\t\t\t\t<a href=\"http:\/\/oeirasdopara.pa.gov.br\/e-sic\/\">\n\t\t\t\t\t\t\t<img loading=\"lazy\" decoding=\"async\" width=\"800\" height=\"316\" src=\"https:\/\/oeirasdopara.pa.gov.br\/novo\/wp-content\/uploads\/2023\/06\/E-SIC-SITE-1024x404.jpg\" class=\"attachment-large size-large wp-image-8828\" alt=\"\" srcset=\"https:\/\/oeirasdopara.pa.gov.br\/novo\/wp-content\/uploads\/2023\/06\/E-SIC-SITE-1024x404.jpg 1024w, https:\/\/oeirasdopara.pa.gov.br\/novo\/wp-content\/uploads\/2023\/06\/E-SIC-SITE-600x237.jpg 600w, https:\/\/oeirasdopara.pa.gov.br\/novo\/wp-content\/uploads\/2023\/06\/E-SIC-SITE-768x303.jpg 768w, https:\/\/oeirasdopara.pa.gov.br\/novo\/wp-content\/uploads\/2023\/06\/E-SIC-SITE-1536x606.jpg 1536w, https:\/\/oeirasdopara.pa.gov.br\/novo\/wp-content\/uploads\/2023\/06\/E-SIC-SITE.jpg 1856w\" sizes=\"(max-width: 800px) 100vw, 800px\" \/>\t\t\t\t\t\t\t\t<\/a>\n\t\t\t\t\t\t\t\t\t\t\t\t\t\t\t<\/div>\n\t\t\t\t<\/div>\n\t\t<div data-particle_enable=\"false\" data-particle-mobile-disabled=\"false\" class=\"elementor-element elementor-element-e8e8063 e-con-full e-flex e-con e-child\" data-id=\"e8e8063\" data-element_type=\"container\" data-e-type=\"container\" data-settings=\"{&quot;_ha_eqh_enable&quot;:false}\">\n\t\t\t\t<div class=\"elementor-element elementor-element-dd4b768 elementor-widget elementor-widget-image\" data-id=\"dd4b768\" data-element_type=\"widget\" data-e-type=\"widget\" data-widget_type=\"image.default\">\n\t\t\t\t\t\t\t\t\t\t\t\t\t\t\t\t<a href=\"https:\/\/www.programa.janelaunica.com.br\/?mod=prefeitura&#038;codprefeitura=48\" target=\"_blank\">\n\t\t\t\t\t\t\t<img loading=\"lazy\" decoding=\"async\" width=\"800\" height=\"316\" src=\"https:\/\/oeirasdopara.pa.gov.br\/novo\/wp-content\/uploads\/2023\/06\/PORTAL-TRIBUTOS-2-1024x404.png\" class=\"attachment-large size-large wp-image-9053\" alt=\"\" srcset=\"https:\/\/oeirasdopara.pa.gov.br\/novo\/wp-content\/uploads\/2023\/06\/PORTAL-TRIBUTOS-2-1024x404.png 1024w, https:\/\/oeirasdopara.pa.gov.br\/novo\/wp-content\/uploads\/2023\/06\/PORTAL-TRIBUTOS-2-600x237.png 600w, https:\/\/oeirasdopara.pa.gov.br\/novo\/wp-content\/uploads\/2023\/06\/PORTAL-TRIBUTOS-2-768x303.png 768w, https:\/\/oeirasdopara.pa.gov.br\/novo\/wp-content\/uploads\/2023\/06\/PORTAL-TRIBUTOS-2-1536x606.png 1536w, https:\/\/oeirasdopara.pa.gov.br\/novo\/wp-content\/uploads\/2023\/06\/PORTAL-TRIBUTOS-2.png 2048w\" sizes=\"(max-width: 800px) 100vw, 800px\" \/>\t\t\t\t\t\t\t\t<\/a>\n\t\t\t\t\t\t\t\t\t\t\t\t\t\t\t<\/div>\n\t\t\t\t<\/div>\n\t\t\t\t\t<\/div>\n\t\t\t\t<\/div>\n\t\t\t\t<\/div>\n\t\t\n","protected":false},"excerpt":{"rendered":"","protected":false},"author":8,"featured_media":0,"parent":0,"menu_order":0,"comment_status":"closed","ping_status":"closed","template":"elementor_header_footer","meta":{"_seopress_robots_primary_cat":"","_seopress_titles_title":"","_seopress_titles_desc":"","_seopress_robots_index":"","_seopress_analysis_target_kw":"","footnotes":""},"class_list":["post-8937","page","type-page","status-publish","hentry"],"_links":{"self":[{"href":"https:\/\/oeirasdopara.pa.gov.br\/novo\/wp-json\/wp\/v2\/pages\/8937","targetHints":{"allow":["GET"]}}],"collection":[{"href":"https:\/\/oeirasdopara.pa.gov.br\/novo\/wp-json\/wp\/v2\/pages"}],"about":[{"href":"https:\/\/oeirasdopara.pa.gov.br\/novo\/wp-json\/wp\/v2\/types\/page"}],"author":[{"embeddable":true,"href":"https:\/\/oeirasdopara.pa.gov.br\/novo\/wp-json\/wp\/v2\/users\/8"}],"replies":[{"embeddable":true,"href":"https:\/\/oeirasdopara.pa.gov.br\/novo\/wp-json\/wp\/v2\/comments?post=8937"}],"version-history":[{"count":1,"href":"https:\/\/oeirasdopara.pa.gov.br\/novo\/wp-json\/wp\/v2\/pages\/8937\/revisions"}],"predecessor-version":[{"id":8938,"href":"https:\/\/oeirasdopara.pa.gov.br\/novo\/wp-json\/wp\/v2\/pages\/8937\/revisions\/8938"}],"wp:attachment":[{"href":"https:\/\/oeirasdopara.pa.gov.br\/novo\/wp-json\/wp\/v2\/media?parent=8937"}],"curies":[{"name":"wp","href":"https:\/\/api.w.org\/{rel}","templated":true}]}}