{"id":1190,"date":"2017-06-09T01:06:57","date_gmt":"2017-06-09T04:06:57","guid":{"rendered":"http:\/\/oeirasdopara.pa.gov.br\/?page_id=1190"},"modified":"2025-04-15T10:35:17","modified_gmt":"2025-04-15T13:35:17","slug":"ouvidoria","status":"publish","type":"page","link":"https:\/\/oeirasdopara.pa.gov.br\/novo\/ouvidoria\/","title":{"rendered":"Ouvidoria"},"content":{"rendered":"\t\t<div data-elementor-type=\"wp-page\" data-elementor-id=\"1190\" class=\"elementor elementor-1190\" data-elementor-settings=\"{&quot;ha_cmc_init_switcher&quot;:&quot;no&quot;}\" data-elementor-post-type=\"page\">\n\t\t\t\t<div data-particle_enable=\"false\" data-particle-mobile-disabled=\"false\" class=\"elementor-element elementor-element-24a192f4 e-flex e-con-boxed e-con e-parent\" data-id=\"24a192f4\" data-element_type=\"container\" data-e-type=\"container\" data-settings=\"{&quot;_ha_eqh_enable&quot;:false}\">\n\t\t\t\t\t<div class=\"e-con-inner\">\n\t\t\t\t<div class=\"elementor-element elementor-element-e2cd776 elementor-widget elementor-widget-text-editor\" data-id=\"e2cd776\" data-element_type=\"widget\" data-e-type=\"widget\" data-widget_type=\"text-editor.default\">\n\t\t\t\t\t\t\t\t\t<p style=\"box-sizing: border-box; margin-block: 0px 0.9rem; color: #7a7a7a; font-family: Roboto, sans-serif; font-size: 16px; font-style: normal; font-variant-ligatures: normal; font-variant-caps: normal; font-weight: 400; letter-spacing: normal; orphans: 2; text-align: start; text-indent: 0px; text-transform: none; widows: 2; word-spacing: 0px; -webkit-text-stroke-width: 0px; white-space: normal; background-color: #ffffff; text-decoration-thickness: initial; text-decoration-style: initial; text-decoration-color: initial;\">Para fazer Solicita\u00e7\u00f5es, den\u00fancias, sugest\u00f5es, reclama\u00e7\u00f5es e elogios.<\/p>\t\t\t\t\t\t\t\t<\/div>\n\t\t\t\t<div class=\"elementor-element elementor-element-71289a5 elementor-button-align-stretch elementor-widget elementor-widget-form\" data-id=\"71289a5\" data-element_type=\"widget\" data-e-type=\"widget\" data-settings=\"{&quot;step_next_label&quot;:&quot;Pr\\u00f3ximo&quot;,&quot;step_previous_label&quot;:&quot;Anterior&quot;,&quot;button_width&quot;:&quot;100&quot;,&quot;step_type&quot;:&quot;number_text&quot;,&quot;step_icon_shape&quot;:&quot;circle&quot;}\" data-widget_type=\"form.default\">\n\t\t\t\t\t\t\t<form class=\"elementor-form\" method=\"post\" name=\"Novo formul\u00e1rio\" aria-label=\"Novo formul\u00e1rio\">\n\t\t\t<input type=\"hidden\" name=\"post_id\" value=\"1190\"\/>\n\t\t\t<input type=\"hidden\" name=\"form_id\" value=\"71289a5\"\/>\n\t\t\t<input type=\"hidden\" name=\"referer_title\" value=\"Ouvidoria\" \/>\n\n\t\t\t\t\t\t\t<input type=\"hidden\" name=\"queried_id\" value=\"1190\"\/>\n\t\t\t\n\t\t\t<div class=\"elementor-form-fields-wrapper elementor-labels-above\">\n\t\t\t\t\t\t\t\t<div class=\"elementor-field-type-text elementor-field-group elementor-column elementor-field-group-name elementor-col-60\">\n\t\t\t\t\t\t\t\t\t\t\t\t<label for=\"form-field-name\" class=\"elementor-field-label\">\n\t\t\t\t\t\t\t\tNome\t\t\t\t\t\t\t<\/label>\n\t\t\t\t\t\t\t\t\t\t\t\t\t\t<input size=\"1\" type=\"text\" name=\"form_fields[name]\" id=\"form-field-name\" class=\"elementor-field elementor-size-sm  elementor-field-textual\" placeholder=\"Nome\">\n\t\t\t\t\t\t\t\t\t\t\t<\/div>\n\t\t\t\t\t\t\t\t<div class=\"elementor-field-type-email elementor-field-group elementor-column elementor-field-group-email elementor-col-60 elementor-field-required\">\n\t\t\t\t\t\t\t\t\t\t\t\t<label for=\"form-field-email\" class=\"elementor-field-label\">\n\t\t\t\t\t\t\t\tE-mail\t\t\t\t\t\t\t<\/label>\n\t\t\t\t\t\t\t\t\t\t\t\t\t\t<input size=\"1\" type=\"email\" name=\"form_fields[email]\" id=\"form-field-email\" class=\"elementor-field elementor-size-sm  elementor-field-textual\" placeholder=\"E-mail\" required=\"required\">\n\t\t\t\t\t\t\t\t\t\t\t<\/div>\n\t\t\t\t\t\t\t\t<div class=\"elementor-field-type-select elementor-field-group elementor-column elementor-field-group-field_f52d968 elementor-col-33 elementor-field-required\">\n\t\t\t\t\t\t\t\t\t\t\t\t<label for=\"form-field-field_f52d968\" class=\"elementor-field-label\">\n\t\t\t\t\t\t\t\tAssunto\t\t\t\t\t\t\t<\/label>\n\t\t\t\t\t\t\t\t<div class=\"elementor-field elementor-select-wrapper remove-before \">\n\t\t\t<div class=\"select-caret-down-wrapper\">\n\t\t\t\t<svg aria-hidden=\"true\" class=\"e-font-icon-svg e-eicon-caret-down\" viewBox=\"0 0 571.4 571.4\" xmlns=\"http:\/\/www.w3.org\/2000\/svg\"><path d=\"M571 393Q571 407 561 418L311 668Q300 679 286 679T261 668L11 418Q0 407 0 393T11 368 36 357H536Q550 357 561 368T571 393Z\"><\/path><\/svg>\t\t\t<\/div>\n\t\t\t<select name=\"form_fields[field_f52d968]\" id=\"form-field-field_f52d968\" class=\"elementor-field-textual elementor-size-sm\" required=\"required\">\n\t\t\t\t\t\t\t\t\t<option value=\"Solicita\u00e7\u00f5es\">Solicita\u00e7\u00f5es<\/option>\n\t\t\t\t\t\t\t\t\t<option value=\"Den\u00fancias\">Den\u00fancias<\/option>\n\t\t\t\t\t\t\t\t\t<option value=\"Sugest\u00f5es\">Sugest\u00f5es<\/option>\n\t\t\t\t\t\t\t\t\t<option value=\"Reclama\u00e7\u00f5es \">Reclama\u00e7\u00f5es <\/option>\n\t\t\t\t\t\t\t\t\t<option value=\"Elogios\">Elogios<\/option>\n\t\t\t\t\t\t\t\t\t<option value=\"\"><\/option>\n\t\t\t\t\t\t\t<\/select>\n\t\t<\/div>\n\t\t\t\t\t\t<\/div>\n\t\t\t\t\t\t\t\t<div class=\"elementor-field-type-textarea elementor-field-group elementor-column elementor-field-group-message elementor-col-100\">\n\t\t\t\t\t\t\t\t\t\t\t\t<label for=\"form-field-message\" class=\"elementor-field-label\">\n\t\t\t\t\t\t\t\tMensagem\t\t\t\t\t\t\t<\/label>\n\t\t\t\t\t\t<textarea class=\"elementor-field-textual elementor-field  elementor-size-sm\" name=\"form_fields[message]\" id=\"form-field-message\" rows=\"4\" placeholder=\"Mensagem\"><\/textarea>\t\t\t\t<\/div>\n\t\t\t\t\t\t\t\t<div class=\"elementor-field-type-recaptcha_v3 elementor-field-group elementor-column elementor-field-group-field_b2ab04f elementor-col-100 recaptcha_v3-bottomright\">\n\t\t\t\t\t<div class=\"elementor-field\" id=\"form-field-field_b2ab04f\"><div class=\"elementor-g-recaptcha\" data-sitekey=\"6LfSIQ0qAAAAAErIqzjqHHYTe2OGxntVGH-3tIIA\" data-type=\"v3\" data-action=\"Form\" data-badge=\"bottomright\" data-size=\"invisible\"><\/div><\/div>\t\t\t\t<\/div>\n\t\t\t\t\t\t\t\t<div class=\"elementor-field-group elementor-column elementor-field-type-submit elementor-col-100 e-form__buttons\">\n\t\t\t\t\t<button class=\"elementor-button elementor-size-sm\" type=\"submit\">\n\t\t\t\t\t\t<span class=\"elementor-button-content-wrapper\">\n\t\t\t\t\t\t\t\t\t\t\t\t\t\t\t\t\t\t\t\t\t\t<span class=\"elementor-button-text\">Enviar<\/span>\n\t\t\t\t\t\t\t\t\t\t\t\t\t<\/span>\n\t\t\t\t\t<\/button>\n\t\t\t\t<\/div>\n\t\t\t<\/div>\n\t\t<\/form>\n\t\t\t\t\t\t<\/div>\n\t\t\t\t<div class=\"elementor-element elementor-element-2ca07225 elementor-widget elementor-widget-text-editor\" data-id=\"2ca07225\" data-element_type=\"widget\" data-e-type=\"widget\" data-widget_type=\"text-editor.default\">\n\t\t\t\t\t\t\t\t\t<ul><li><strong>ENDERE\u00c7O: <\/strong>Av 15 Novembro, N\u00ba 1198, CEP: 68.470-000,<\/li><li><strong>FONE: <\/strong>(91) 993437403<\/li><li><strong>E-MAIL:<\/strong> ouvidoria@oeirasdopara.pa.gov.br<\/li><li><strong>HOR\u00c1RIO DE ATENDIMENTO:\u00a0<\/strong>08:00 \u00e0s 13:00<\/li><li><strong>Whatsapp: <span style=\"color: #339966;\"><a style=\"color: #339966;\" href=\"https:\/\/contate.me\/ouvidoriaoeiras\" target=\"_blank\" rel=\"noopener\">Clique aqui\u00a0<\/a><\/span><\/strong><\/li><\/ul><hr \/><p><a href=\"http:\/\/oeirasdopara.pa.gov.br\/wp-content\/uploads\/2021\/06\/WhatsApp-Image-2021-06-29-at-08.52.54.jpeg\"><img fetchpriority=\"high\" decoding=\"async\" class=\"size-full wp-image-4931 aligncenter\" src=\"http:\/\/oeirasdopara.pa.gov.br\/wp-content\/uploads\/2021\/06\/WhatsApp-Image-2021-06-29-at-08.52.54.jpeg\" alt=\"\" width=\"905\" height=\"1280\" srcset=\"https:\/\/oeirasdopara.pa.gov.br\/novo\/wp-content\/uploads\/2021\/06\/WhatsApp-Image-2021-06-29-at-08.52.54.jpeg 905w, https:\/\/oeirasdopara.pa.gov.br\/novo\/wp-content\/uploads\/2021\/06\/WhatsApp-Image-2021-06-29-at-08.52.54-212x300.jpeg 212w, https:\/\/oeirasdopara.pa.gov.br\/novo\/wp-content\/uploads\/2021\/06\/WhatsApp-Image-2021-06-29-at-08.52.54-724x1024.jpeg 724w, https:\/\/oeirasdopara.pa.gov.br\/novo\/wp-content\/uploads\/2021\/06\/WhatsApp-Image-2021-06-29-at-08.52.54-768x1086.jpeg 768w, https:\/\/oeirasdopara.pa.gov.br\/novo\/wp-content\/uploads\/2021\/06\/WhatsApp-Image-2021-06-29-at-08.52.54-600x849.jpeg 600w\" sizes=\"(max-width: 905px) 100vw, 905px\" \/><\/a><\/p>\t\t\t\t\t\t\t\t<\/div>\n\t\t\t\t\t<\/div>\n\t\t\t\t<\/div>\n\t\t\t\t<\/div>\n\t\t","protected":false},"excerpt":{"rendered":"<p>Para fazer Solicita\u00e7\u00f5es, den\u00fancias, sugest\u00f5es, reclama\u00e7\u00f5es e elogios. ENDERE\u00c7O: Av 15 Novembro, N\u00ba 1198, CEP: 68.470-000, FONE: (91) 993437403 E-MAIL: ouvidoria@oeirasdopara.pa.gov.br HOR\u00c1RIO DE ATENDIMENTO:\u00a008:00 \u00e0s 13:00 Whatsapp: Clique aqui\u00a0<\/p>\n","protected":false},"author":8,"featured_media":0,"parent":0,"menu_order":0,"comment_status":"closed","ping_status":"closed","template":"","meta":{"_seopress_robots_primary_cat":"","_seopress_titles_title":"","_seopress_titles_desc":"","_seopress_robots_index":"","footnotes":""},"class_list":["post-1190","page","type-page","status-publish","hentry"],"_links":{"self":[{"href":"https:\/\/oeirasdopara.pa.gov.br\/novo\/wp-json\/wp\/v2\/pages\/1190","targetHints":{"allow":["GET"]}}],"collection":[{"href":"https:\/\/oeirasdopara.pa.gov.br\/novo\/wp-json\/wp\/v2\/pages"}],"about":[{"href":"https:\/\/oeirasdopara.pa.gov.br\/novo\/wp-json\/wp\/v2\/types\/page"}],"author":[{"embeddable":true,"href":"https:\/\/oeirasdopara.pa.gov.br\/novo\/wp-json\/wp\/v2\/users\/8"}],"replies":[{"embeddable":true,"href":"https:\/\/oeirasdopara.pa.gov.br\/novo\/wp-json\/wp\/v2\/comments?post=1190"}],"version-history":[{"count":30,"href":"https:\/\/oeirasdopara.pa.gov.br\/novo\/wp-json\/wp\/v2\/pages\/1190\/revisions"}],"predecessor-version":[{"id":12332,"href":"https:\/\/oeirasdopara.pa.gov.br\/novo\/wp-json\/wp\/v2\/pages\/1190\/revisions\/12332"}],"wp:attachment":[{"href":"https:\/\/oeirasdopara.pa.gov.br\/novo\/wp-json\/wp\/v2\/media?parent=1190"}],"curies":[{"name":"wp","href":"https:\/\/api.w.org\/{rel}","templated":true}]}}